{"id":26,"date":"2018-12-20T04:27:24","date_gmt":"2018-12-20T04:27:24","guid":{"rendered":"https:\/\/demo2wpopal.b-cdn.net\/maisonco\/?page_id=26"},"modified":"2023-09-28T18:57:59","modified_gmt":"2023-09-28T18:57:59","slug":"contact","status":"publish","type":"page","link":"https:\/\/www.dreamvillas-samui.com\/sk\/contact\/","title":{"rendered":"Kontaktujte n\u00e1s"},"content":{"rendered":"<div data-elementor-type=\"wp-post\" data-elementor-id=\"26\" class=\"elementor elementor-26\">\n\t\t\t\t\t\t\t\t\t<section class=\"elementor-section elementor-top-section elementor-element elementor-element-083aa86 elementor-section-stretched elementor-section-content-top elementor-section-boxed elementor-section-height-default elementor-section-height-default\" data-id=\"083aa86\" data-element_type=\"section\" data-settings=\"{&quot;stretch_section&quot;:&quot;section-stretched&quot;}\">\n\t\t\t\t\t\t<div class=\"elementor-container elementor-column-gap-no\">\n\t\t\t\t\t<div class=\"elementor-column elementor-col-33 elementor-top-column elementor-element elementor-element-c3911fe\" data-id=\"c3911fe\" data-element_type=\"column\">\n\t\t\t<div class=\"elementor-widget-wrap elementor-element-populated\">\n\t\t\t\t\t\t\t\t<div class=\"elementor-element elementor-element-1cfe0af e-transform elementor-view-default elementor-widget elementor-widget-icon\" data-id=\"1cfe0af\" data-element_type=\"widget\" data-settings=\"{&quot;_transform_flipX_effect&quot;:&quot;transform&quot;}\" data-widget_type=\"icon.default\">\n\t\t\t\t<div class=\"elementor-widget-container\">\n\t\t\t\t\t<div class=\"elementor-icon-wrapper\">\n\t\t\t<div class=\"elementor-icon\">\n\t\t\t<i aria-hidden=\"true\" class=\"fab fa-whatsapp\"><\/i>\t\t\t<\/div>\n\t\t<\/div>\n\t\t\t\t<\/div>\n\t\t\t\t<\/div>\n\t\t\t\t<div class=\"elementor-element elementor-element-dfc01df elementor-widget elementor-widget-text-editor\" data-id=\"dfc01df\" data-element_type=\"widget\" data-widget_type=\"text-editor.default\">\n\t\t\t\t<div class=\"elementor-widget-container\">\n\t\t\t<style>\/*! elementor - v3.15.0 - 20-08-2023 *\/\n.elementor-widget-text-editor.elementor-drop-cap-view-stacked .elementor-drop-cap{background-color:#69727d;color:#fff}.elementor-widget-text-editor.elementor-drop-cap-view-framed .elementor-drop-cap{color:#69727d;border:3px solid;background-color:transparent}.elementor-widget-text-editor:not(.elementor-drop-cap-view-default) .elementor-drop-cap{margin-top:8px}.elementor-widget-text-editor:not(.elementor-drop-cap-view-default) .elementor-drop-cap-letter{width:1em;height:1em}.elementor-widget-text-editor .elementor-drop-cap{float:left;text-align:center;line-height:1;font-size:50px}.elementor-widget-text-editor .elementor-drop-cap-letter{display:inline-block}<\/style>\t\t\t\t<p>Telef\u00f3n :<\/p>\t\t\t\t\t\t<\/div>\n\t\t\t\t<\/div>\n\t\t\t\t<div class=\"elementor-element elementor-element-97ceafd elementor-widget elementor-widget-text-editor\" data-id=\"97ceafd\" data-element_type=\"widget\" data-widget_type=\"text-editor.default\">\n\t\t\t\t<div class=\"elementor-widget-container\">\n\t\t\t\t\t\t\t<p><a href=\"https:\/\/wa.me\/421944081031\">+421 944 081 031<\/a><\/p>\t\t\t\t\t\t<\/div>\n\t\t\t\t<\/div>\n\t\t\t\t\t<\/div>\n\t\t<\/div>\n\t\t\t\t<div class=\"elementor-column elementor-col-33 elementor-top-column elementor-element elementor-element-b97349b\" data-id=\"b97349b\" data-element_type=\"column\">\n\t\t\t<div class=\"elementor-widget-wrap elementor-element-populated\">\n\t\t\t\t\t\t\t\t<div class=\"elementor-element elementor-element-9e6c945 elementor-view-default elementor-widget elementor-widget-icon\" data-id=\"9e6c945\" data-element_type=\"widget\" data-widget_type=\"icon.default\">\n\t\t\t\t<div class=\"elementor-widget-container\">\n\t\t\t\t\t<div class=\"elementor-icon-wrapper\">\n\t\t\t<div class=\"elementor-icon\">\n\t\t\t<i aria-hidden=\"true\" class=\"fas fa-map-pin\"><\/i>\t\t\t<\/div>\n\t\t<\/div>\n\t\t\t\t<\/div>\n\t\t\t\t<\/div>\n\t\t\t\t<div class=\"elementor-element elementor-element-39f0fb7 elementor-widget elementor-widget-text-editor\" data-id=\"39f0fb7\" data-element_type=\"widget\" data-widget_type=\"text-editor.default\">\n\t\t\t\t<div class=\"elementor-widget-container\">\n\t\t\t\t\t\t\t<p>Adresa:<\/p>\t\t\t\t\t\t<\/div>\n\t\t\t\t<\/div>\n\t\t\t\t<div class=\"elementor-element elementor-element-251540d elementor-widget elementor-widget-text-editor\" data-id=\"251540d\" data-element_type=\"widget\" data-widget_type=\"text-editor.default\">\n\t\t\t\t<div class=\"elementor-widget-container\">\n\t\t\t\t\t\t\t<p>87 Soi Rungrote, Ko Samui, Thailand<\/p>\t\t\t\t\t\t<\/div>\n\t\t\t\t<\/div>\n\t\t\t\t\t<\/div>\n\t\t<\/div>\n\t\t\t\t<div class=\"elementor-column elementor-col-33 elementor-top-column elementor-element elementor-element-fbcbaa5\" data-id=\"fbcbaa5\" data-element_type=\"column\">\n\t\t\t<div class=\"elementor-widget-wrap elementor-element-populated\">\n\t\t\t\t\t\t\t\t<div class=\"elementor-element elementor-element-a9ad5b9 elementor-view-default elementor-widget elementor-widget-icon\" data-id=\"a9ad5b9\" data-element_type=\"widget\" data-widget_type=\"icon.default\">\n\t\t\t\t<div class=\"elementor-widget-container\">\n\t\t\t\t\t<div class=\"elementor-icon-wrapper\">\n\t\t\t<div class=\"elementor-icon\">\n\t\t\t<i aria-hidden=\"true\" class=\"far fa-envelope\"><\/i>\t\t\t<\/div>\n\t\t<\/div>\n\t\t\t\t<\/div>\n\t\t\t\t<\/div>\n\t\t\t\t<div class=\"elementor-element elementor-element-2dfe407 elementor-widget elementor-widget-text-editor\" data-id=\"2dfe407\" data-element_type=\"widget\" data-widget_type=\"text-editor.default\">\n\t\t\t\t<div class=\"elementor-widget-container\">\n\t\t\t\t\t\t\t<p>E-mail :<\/p>\t\t\t\t\t\t<\/div>\n\t\t\t\t<\/div>\n\t\t\t\t<div class=\"elementor-element elementor-element-1391e16 elementor-widget elementor-widget-text-editor\" data-id=\"1391e16\" data-element_type=\"widget\" data-widget_type=\"text-editor.default\">\n\t\t\t\t<div class=\"elementor-widget-container\">\n\t\t\t\t\t\t\t<p>info@dreamvillas-samui.com<\/p>\t\t\t\t\t\t<\/div>\n\t\t\t\t<\/div>\n\t\t\t\t\t<\/div>\n\t\t<\/div>\n\t\t\t\t\t\t\t<\/div>\n\t\t<\/section>\n\t\t\t\t<section class=\"elementor-section elementor-top-section elementor-element elementor-element-3b35228 elementor-section-stretched elementor-section-full_width elementor-section-height-default elementor-section-height-default\" data-id=\"3b35228\" data-element_type=\"section\" data-settings=\"{&quot;stretch_section&quot;:&quot;section-stretched&quot;}\">\n\t\t\t\t\t\t<div class=\"elementor-container elementor-column-gap-no\">\n\t\t\t\t\t<div class=\"elementor-column elementor-col-100 elementor-top-column elementor-element elementor-element-32e3cc1\" data-id=\"32e3cc1\" data-element_type=\"column\">\n\t\t\t<div class=\"elementor-widget-wrap elementor-element-populated\">\n\t\t\t\t\t\t\t\t<div class=\"elementor-element elementor-element-d038886 elementor-widget elementor-widget-google_maps\" data-id=\"d038886\" data-element_type=\"widget\" data-widget_type=\"google_maps.default\">\n\t\t\t\t<div class=\"elementor-widget-container\">\n\t\t\t<style>\/*! elementor - v3.15.0 - 20-08-2023 *\/\n.elementor-widget-google_maps .elementor-widget-container{overflow:hidden}.elementor-widget-google_maps .elementor-custom-embed{line-height:0}.elementor-widget-google_maps iframe{height:300px}<\/style>\t\t<div class=\"elementor-custom-embed\">\n\t\t\t<iframe loading=\"lazy\"\n\t\t\t\t\tsrc=\"https:\/\/maps.google.com\/maps?q=83%20soi%20rungrote%2C%20ko%20samui&#038;t=m&#038;z=15&#038;output=embed&#038;iwloc=near\"\n\t\t\t\t\ttitle=\"83 soi rungrote, ko samui\"\n\t\t\t\t\taria-label=\"83 soi rungrote, ko samui\"\n\t\t\t><\/iframe>\n\t\t<\/div>\n\t\t\t\t<\/div>\n\t\t\t\t<\/div>\n\t\t\t\t\t<\/div>\n\t\t<\/div>\n\t\t\t\t\t\t\t<\/div>\n\t\t<\/section>\n\t\t\t\t\t\t\t<\/div>","protected":false},"excerpt":{"rendered":"<p>Phone : +421 944 081 031 Address: 87 Soi Rungrote, Ko Samui, Thailand E-mail : info@dreamvillas-samui.com<\/p>","protected":false},"author":1,"featured_media":0,"parent":0,"menu_order":0,"comment_status":"closed","ping_status":"closed","template":"page-elementor.php","meta":{"inline_featured_image":false,"_monsterinsights_skip_tracking":false,"_monsterinsights_sitenote_active":false,"_monsterinsights_sitenote_note":"","_monsterinsights_sitenote_category":0,"footnotes":""},"yoast_head":"<!-- This site is optimized with the Yoast SEO plugin v21.0 - https:\/\/yoast.com\/wordpress\/plugins\/seo\/ -->\n<title>Contact Us - Emerald by Dream Villas Samui<\/title>\n<meta name=\"robots\" content=\"index, follow, max-snippet:-1, max-image-preview:large, max-video-preview:-1\" \/>\n<link rel=\"canonical\" href=\"https:\/\/www.dreamvillas-samui.com\/sk\/contact\/\" \/>\n<meta property=\"og:locale\" content=\"sk_SK\" \/>\n<meta property=\"og:type\" content=\"article\" \/>\n<meta property=\"og:title\" content=\"Contact Us - Emerald by Dream Villas Samui\" \/>\n<meta property=\"og:description\" content=\"Phone : +421 944 081 031 Address: 87 Soi Rungrote, Ko Samui, Thailand E-mail : info@dreamvillas-samui.com\" \/>\n<meta property=\"og:url\" content=\"https:\/\/www.dreamvillas-samui.com\/sk\/contact\/\" \/>\n<meta property=\"og:site_name\" content=\"Emerald by Dream Villas Samui\" \/>\n<meta property=\"article:modified_time\" content=\"2023-09-28T18:57:59+00:00\" \/>\n<meta name=\"twitter:card\" content=\"summary_large_image\" \/>\n<meta name=\"twitter:label1\" content=\"Predpokladan\u00fd \u010das \u010d\u00edtania\" \/>\n\t<meta name=\"twitter:data1\" content=\"1 min\u00fata\" \/>\n<script type=\"application\/ld+json\" class=\"yoast-schema-graph\">{\"@context\":\"https:\/\/schema.org\",\"@graph\":[{\"@type\":\"WebPage\",\"@id\":\"https:\/\/www.dreamvillas-samui.com\/contact\/\",\"url\":\"https:\/\/www.dreamvillas-samui.com\/contact\/\",\"name\":\"Contact Us - Emerald by Dream Villas Samui\",\"isPartOf\":{\"@id\":\"https:\/\/www.dreamvillas-samui.com\/#website\"},\"datePublished\":\"2018-12-20T04:27:24+00:00\",\"dateModified\":\"2023-09-28T18:57:59+00:00\",\"breadcrumb\":{\"@id\":\"https:\/\/www.dreamvillas-samui.com\/contact\/#breadcrumb\"},\"inLanguage\":\"sk-SK\",\"potentialAction\":[{\"@type\":\"ReadAction\",\"target\":[\"https:\/\/www.dreamvillas-samui.com\/contact\/\"]}]},{\"@type\":\"BreadcrumbList\",\"@id\":\"https:\/\/www.dreamvillas-samui.com\/contact\/#breadcrumb\",\"itemListElement\":[{\"@type\":\"ListItem\",\"position\":1,\"name\":\"Home\",\"item\":\"https:\/\/www.dreamvillas-samui.com\/\"},{\"@type\":\"ListItem\",\"position\":2,\"name\":\"Contact Us\"}]},{\"@type\":\"WebSite\",\"@id\":\"https:\/\/www.dreamvillas-samui.com\/#website\",\"url\":\"https:\/\/www.dreamvillas-samui.com\/\",\"name\":\"Emerald by Dream Villas Samui\",\"description\":\"Brand new 3 bedroom villas for sale\",\"publisher\":{\"@id\":\"https:\/\/www.dreamvillas-samui.com\/#organization\"},\"potentialAction\":[{\"@type\":\"SearchAction\",\"target\":{\"@type\":\"EntryPoint\",\"urlTemplate\":\"https:\/\/www.dreamvillas-samui.com\/?s={search_term_string}\"},\"query-input\":\"required name=search_term_string\"}],\"inLanguage\":\"sk-SK\"},{\"@type\":\"Organization\",\"@id\":\"https:\/\/www.dreamvillas-samui.com\/#organization\",\"name\":\"Emerald by Dream Villas Samui\",\"url\":\"https:\/\/www.dreamvillas-samui.com\/\",\"logo\":{\"@type\":\"ImageObject\",\"inLanguage\":\"sk-SK\",\"@id\":\"https:\/\/www.dreamvillas-samui.com\/#\/schema\/logo\/image\/\",\"url\":\"https:\/\/www.dreamvillas-samui.com\/wp-content\/uploads\/2023\/08\/dreamvillas.png\",\"contentUrl\":\"https:\/\/www.dreamvillas-samui.com\/wp-content\/uploads\/2023\/08\/dreamvillas.png\",\"width\":262,\"height\":77,\"caption\":\"Emerald by Dream Villas Samui\"},\"image\":{\"@id\":\"https:\/\/www.dreamvillas-samui.com\/#\/schema\/logo\/image\/\"}}]}<\/script>\n<!-- \/ Yoast SEO plugin. -->","yoast_head_json":{"title":"Contact Us - Emerald by Dream Villas Samui","robots":{"index":"index","follow":"follow","max-snippet":"max-snippet:-1","max-image-preview":"max-image-preview:large","max-video-preview":"max-video-preview:-1"},"canonical":"https:\/\/www.dreamvillas-samui.com\/sk\/contact\/","og_locale":"sk_SK","og_type":"article","og_title":"Contact Us - Emerald by Dream Villas Samui","og_description":"Phone : +421 944 081 031 Address: 87 Soi Rungrote, Ko Samui, Thailand E-mail : info@dreamvillas-samui.com","og_url":"https:\/\/www.dreamvillas-samui.com\/sk\/contact\/","og_site_name":"Emerald by Dream Villas Samui","article_modified_time":"2023-09-28T18:57:59+00:00","twitter_card":"summary_large_image","twitter_misc":{"Predpokladan\u00fd \u010das \u010d\u00edtania":"1 min\u00fata"},"schema":{"@context":"https:\/\/schema.org","@graph":[{"@type":"WebPage","@id":"https:\/\/www.dreamvillas-samui.com\/contact\/","url":"https:\/\/www.dreamvillas-samui.com\/contact\/","name":"Contact Us - Emerald by Dream Villas Samui","isPartOf":{"@id":"https:\/\/www.dreamvillas-samui.com\/#website"},"datePublished":"2018-12-20T04:27:24+00:00","dateModified":"2023-09-28T18:57:59+00:00","breadcrumb":{"@id":"https:\/\/www.dreamvillas-samui.com\/contact\/#breadcrumb"},"inLanguage":"sk-SK","potentialAction":[{"@type":"ReadAction","target":["https:\/\/www.dreamvillas-samui.com\/contact\/"]}]},{"@type":"BreadcrumbList","@id":"https:\/\/www.dreamvillas-samui.com\/contact\/#breadcrumb","itemListElement":[{"@type":"ListItem","position":1,"name":"Home","item":"https:\/\/www.dreamvillas-samui.com\/"},{"@type":"ListItem","position":2,"name":"Contact Us"}]},{"@type":"WebSite","@id":"https:\/\/www.dreamvillas-samui.com\/#website","url":"https:\/\/www.dreamvillas-samui.com\/","name":"Emerald by Dream Villas Samui","description":"Brand new 3 bedroom villas for sale","publisher":{"@id":"https:\/\/www.dreamvillas-samui.com\/#organization"},"potentialAction":[{"@type":"SearchAction","target":{"@type":"EntryPoint","urlTemplate":"https:\/\/www.dreamvillas-samui.com\/?s={search_term_string}"},"query-input":"required name=search_term_string"}],"inLanguage":"sk-SK"},{"@type":"Organization","@id":"https:\/\/www.dreamvillas-samui.com\/#organization","name":"Emerald by Dream Villas Samui","url":"https:\/\/www.dreamvillas-samui.com\/","logo":{"@type":"ImageObject","inLanguage":"sk-SK","@id":"https:\/\/www.dreamvillas-samui.com\/#\/schema\/logo\/image\/","url":"https:\/\/www.dreamvillas-samui.com\/wp-content\/uploads\/2023\/08\/dreamvillas.png","contentUrl":"https:\/\/www.dreamvillas-samui.com\/wp-content\/uploads\/2023\/08\/dreamvillas.png","width":262,"height":77,"caption":"Emerald by Dream Villas Samui"},"image":{"@id":"https:\/\/www.dreamvillas-samui.com\/#\/schema\/logo\/image\/"}}]}},"_links":{"self":[{"href":"https:\/\/www.dreamvillas-samui.com\/sk\/wp-json\/wp\/v2\/pages\/26"}],"collection":[{"href":"https:\/\/www.dreamvillas-samui.com\/sk\/wp-json\/wp\/v2\/pages"}],"about":[{"href":"https:\/\/www.dreamvillas-samui.com\/sk\/wp-json\/wp\/v2\/types\/page"}],"author":[{"embeddable":true,"href":"https:\/\/www.dreamvillas-samui.com\/sk\/wp-json\/wp\/v2\/users\/1"}],"replies":[{"embeddable":true,"href":"https:\/\/www.dreamvillas-samui.com\/sk\/wp-json\/wp\/v2\/comments?post=26"}],"version-history":[{"count":6,"href":"https:\/\/www.dreamvillas-samui.com\/sk\/wp-json\/wp\/v2\/pages\/26\/revisions"}],"predecessor-version":[{"id":4697,"href":"https:\/\/www.dreamvillas-samui.com\/sk\/wp-json\/wp\/v2\/pages\/26\/revisions\/4697"}],"wp:attachment":[{"href":"https:\/\/www.dreamvillas-samui.com\/sk\/wp-json\/wp\/v2\/media?parent=26"}],"curies":[{"name":"wp","href":"https:\/\/api.w.org\/{rel}","templated":true}]}}